{"id":527,"date":"2021-11-01T14:13:17","date_gmt":"2021-11-01T13:13:17","guid":{"rendered":"https:\/\/cleanservices31.fr\/?page_id=527"},"modified":"2021-11-21T17:29:17","modified_gmt":"2021-11-21T16:29:17","slug":"voitures","status":"publish","type":"page","link":"https:\/\/cleanservices31.fr\/index.php\/voitures\/","title":{"rendered":"Voitures"},"content":{"rendered":"<div data-colibri-id=\"527-c1\" class=\"style-822 style-local-527-c1 position-relative\">\n  <!---->\n  <div data-colibri-component=\"section\" data-colibri-id=\"527-c2\" id=\"blank\" class=\"h-section h-section-global-spacing d-flex align-items-lg-center align-items-md-center align-items-center style-830 style-local-527-c2 position-relative\">\n    <!---->\n    <!---->\n    <div class=\"h-section-grid-container h-section-boxed-container\">\n      <!---->\n      <div data-colibri-id=\"527-c3\" class=\"h-row-container gutters-row-lg-2 gutters-row-md-2 gutters-row-0 gutters-row-v-lg-2 gutters-row-v-md-2 gutters-row-v-2 style-831 style-local-527-c3 position-relative\">\n        <!---->\n        <div class=\"h-row justify-content-lg-center justify-content-md-center justify-content-center align-items-lg-stretch align-items-md-stretch align-items-stretch gutters-col-lg-2 gutters-col-md-2 gutters-col-0 gutters-col-v-lg-2 gutters-col-v-md-2 gutters-col-v-2\">\n          <!---->\n          <div class=\"h-column h-column-container d-flex h-col-lg-auto h-col-md-auto h-col-auto style-832-outer style-local-527-c4-outer\">\n            <div data-colibri-id=\"527-c4\" class=\"d-flex h-flex-basis h-column__inner h-px-lg-2 h-px-md-2 h-px-2 v-inner-lg-2 v-inner-md-2 v-inner-2 style-832 style-local-527-c4 position-relative\">\n              <!---->\n              <!---->\n              <div class=\"w-100 h-y-container h-column__content h-column__v-align flex-basis-100 align-self-lg-start align-self-md-start align-self-start\">\n                <!---->\n                <div data-colibri-id=\"527-c5\" class=\"h-global-transition-all h-heading style-839 style-local-527-c5 position-relative h-element\">\n                  <!---->\n                  <div class=\"h-heading__outer style-839 style-local-527-c5\">\n                    <!---->\n                    <!---->\n                    <h5 class=\"\"><span style=\"font-family: Montserrat;\"><br><br>Pour d\u00e9terminer ensemble la pr\u00e9paration de votre v\u00e9hicule, utilisez le formulaire ci-dessous.<br>Attention, celui-ci concerne les v\u00e9hicules particuliers (type VL), pour les 4\u00d74, SUV, monospaces &amp; utilitaires <\/span>\n                      <a\n                        href=\"https:\/\/cleanservices31.fr\/index.php\/4-4-suv-monospaces-utilitaires\" style=\"font-family: Montserrat; font-weight: 600;\">cliquez-ici<\/a><span style=\"font-family: Montserrat;\">.<br><\/span><\/h5>\n                  <\/div>\n                <\/div>\n              <\/div>\n            <\/div>\n          <\/div>\n        <\/div>\n      <\/div>\n    <\/div>\n  <\/div>\n  <div data-colibri-component=\"section\" data-colibri-id=\"527-c10\" id=\"contact\" class=\"h-section h-section-global-spacing d-flex align-items-lg-center align-items-md-center align-items-center style-823 style-local-527-c10 position-relative\">\n    <!---->\n    <!---->\n    <div class=\"h-section-grid-container h-section-boxed-container\">\n      <!---->\n      <div data-colibri-id=\"527-c11\" class=\"h-row-container gutters-row-lg-0 gutters-row-md-0 gutters-row-0 gutters-row-v-lg-0 gutters-row-v-md-0 gutters-row-v-0 style-824 style-local-527-c11 position-relative\">\n        <!---->\n        <div class=\"h-row justify-content-lg-center justify-content-md-center justify-content-center align-items-lg-stretch align-items-md-stretch align-items-stretch gutters-col-lg-0 gutters-col-md-0 gutters-col-0 gutters-col-v-lg-0 gutters-col-v-md-0 gutters-col-v-0\">\n          <!---->\n          <div class=\"h-column h-column-container d-flex h-col-lg-auto h-col-md-auto h-col-auto style-825-outer style-local-527-c12-outer\">\n            <div data-colibri-id=\"527-c12\" class=\"d-flex h-flex-basis h-column__inner h-ui-empty-state-container h-px-lg-0 h-px-md-0 h-px-0 v-inner-lg-0 v-inner-md-0 v-inner-0 style-825 style-local-527-c12 position-relative\">\n              <div class=\"background-wrapper\">\n                <div class=\"background-layer background-layer-media-container-lg\">\n                  <!---->\n                  <div class=\"overlay-layer\">\n                    <div class=\"overlay-image-layer\" style=\"background-image: linear-gradient(90deg, rgba(255, 255, 255, 0) 70%, rgb(255, 255, 255) 100%);\"><\/div>\n                  <\/div>\n                <\/div>\n                <div class=\"background-layer background-layer-media-container-md\">\n                  <!---->\n                  <div class=\"overlay-layer\">\n                    <div class=\"overlay-image-layer\" style=\"background-image: linear-gradient(90deg, rgba(255, 255, 255, 0) 70%, rgb(255, 255, 255) 100%);\"><\/div>\n                  <\/div>\n                <\/div>\n                <div class=\"background-layer background-layer-media-container\">\n                  <!---->\n                  <div class=\"overlay-layer\">\n                    <div class=\"overlay-image-layer\" style=\"background-image: linear-gradient(90deg, rgba(255, 255, 255, 0) 70%, rgb(255, 255, 255) 100%);\"><\/div>\n                  <\/div>\n                <\/div>\n              <\/div>\n              <!---->\n              <div class=\"w-100 h-y-container h-column__content h-column__v-align flex-basis-100\">\n                <!---->\n              <\/div>\n            <\/div>\n          <\/div>\n          <div class=\"h-column h-column-container d-flex h-col-lg-auto h-col-md-auto h-col-auto style-826-outer style-local-527-c13-outer\">\n            <div data-colibri-id=\"527-c13\" class=\"d-flex h-flex-basis h-column__inner h-px-lg-3 h-px-md-3 h-px-3 v-inner-lg-3 v-inner-md-3 v-inner-3 style-826 style-local-527-c13 position-relative\">\n              <!---->\n              <!---->\n              <div class=\"w-100 h-y-container h-column__content h-column__v-align flex-basis-100 align-self-lg-end align-self-md-end align-self-end\">\n                <!---->\n                <div data-colibri-id=\"527-c14\" class=\"h-contact-form__outer--forminator style-828 style-local-527-c14 position-relative h-element\">\n                  <!---->\n                  <div class=\"h-global-transition-all h-global-transition h-global-transition-all h-contact-form-shortcode\"><div class=\"forminator-ui forminator-custom-form forminator-custom-form-535 forminator-design--flat  forminator_ajax\" data-forminator-render=\"0\" data-form=\"forminator-module-535\"><br\/><\/div><form\n\t\t\t\tid=\"forminator-module-535\"\n\t\t\t\tclass=\"forminator-ui forminator-custom-form forminator-custom-form-535 forminator-design--flat  forminator_ajax\"\n\t\t\t\tmethod=\"post\"\n\t\t\t\tdata-forminator-render=\"0\"\n\t\t\t\tdata-form-id=\"535\"\n\t\t\t\t\n\t\t\t\tdata-design=\"flat\"\n\t\t\t\t\n\t\t\t\t\n\t\t\t\t\n\t\t\t\tdata-grid=\"open\"\n\t\t\t\t\n\t\t\t\t\n\t\t\t\tstyle=\"display: none;\"\n\t\t\t><div class=\"forminator-response-message forminator-error\" aria-hidden=\"true\"><\/div><div class=\"forminator-row\"><div id=\"name-1\" class=\"forminator-col forminator-col-12 \"><div class=\"forminator-field\"><label for=\"forminator-field-name-1\" class=\"forminator-label\">Nom <span class=\"forminator-required\">*<\/span><\/label><input type=\"text\" name=\"name-1\" value=\"\" placeholder=\"Par exemple\u00a0: Jacques Martin\" id=\"forminator-field-name-1\" class=\"forminator-input forminator-name--field\" aria-required=\"true\" \/><\/div><\/div><\/div><div class=\"forminator-row\"><div id=\"email-1\" class=\"forminator-col forminator-col-6 \"><div class=\"forminator-field\"><label for=\"forminator-field-email-1\" class=\"forminator-label\">Adresse de messagerie <span class=\"forminator-required\">*<\/span><\/label><input type=\"email\" name=\"email-1\" value=\"\" placeholder=\"Par exemple\u00a0: jacques@martin.com\" id=\"forminator-field-email-1\" class=\"forminator-input forminator-email--field\" data-required=\"true\" aria-required=\"true\" \/><\/div><\/div><div id=\"phone-1\" class=\"forminator-col forminator-col-6 \"><div class=\"forminator-field\"><label for=\"forminator-field-phone-1\" class=\"forminator-label\">Num\u00e9ro de t\u00e9l\u00e9phone <span class=\"forminator-required\">*<\/span><\/label><input type=\"text\" name=\"phone-1\" value=\"\" placeholder=\"Par exemple\u00a0: +1 02 03 04 05\" id=\"forminator-field-phone-1\" class=\"forminator-input forminator-field--phone\" data-required=\"1\" aria-required=\"true\" autocomplete=\"off\" \/><\/div><\/div><\/div><div class=\"forminator-row\"><div id=\"checkbox-1\" class=\"forminator-col forminator-col-12 \"><div role=\"group\" class=\"forminator-field\" aria-labelledby=\"forminator-checkbox-group-69e02385b2fe9-label\"><h4 id=\"forminator-checkbox-group-69e02385b2fe9-label\" class=\"forminator-label\">Quel type de pr\u00e9paration souhaitez-vous ? <span class=\"forminator-required\">*<\/span><\/h4><label for=\"forminator-field-checkbox-1-1-69e02385b2fe9\" class=\"forminator-checkbox\" title=\"Int\u00e9rieure\"><input type=\"checkbox\" name=\"checkbox-1[]\" value=\"int\u00e9rieure\" id=\"forminator-field-checkbox-1-1-69e02385b2fe9\" data-calculation=\"0\"  \/><span class=\"forminator-checkbox-box\" aria-hidden=\"true\"><\/span><span class=\"forminator-checkbox-label\">Int\u00e9rieure<\/span><\/label><label for=\"forminator-field-checkbox-1-2-69e02385b2fe9\" class=\"forminator-checkbox\" title=\"Ext\u00e9rieure\"><input type=\"checkbox\" name=\"checkbox-1[]\" value=\"ext\u00e9rieure\" id=\"forminator-field-checkbox-1-2-69e02385b2fe9\" data-calculation=\"0\"  \/><span class=\"forminator-checkbox-box\" aria-hidden=\"true\"><\/span><span class=\"forminator-checkbox-label\">Ext\u00e9rieure<\/span><\/label><\/div><\/div><\/div><div class=\"forminator-row\"><div id=\"text-1\" class=\"forminator-col forminator-col-6 \"><div class=\"forminator-field\"><label for=\"forminator-field-text-1\" class=\"forminator-label\">Marque <span class=\"forminator-required\">*<\/span><\/label><input type=\"text\" name=\"text-1\" value=\"\" placeholder=\"Par exemple\u00a0: BMW\" id=\"forminator-field-text-1\" class=\"forminator-input forminator-name--field\" data-required=\"1\" \/><\/div><\/div><div id=\"text-2\" class=\"forminator-col forminator-col-6 \"><div class=\"forminator-field\"><label for=\"forminator-field-text-2\" class=\"forminator-label\">Mod\u00e8le <span class=\"forminator-required\">*<\/span><\/label><input type=\"text\" name=\"text-2\" value=\"\" placeholder=\"Par exemple\u00a0: S\u00e9rie 5\" id=\"forminator-field-text-2\" class=\"forminator-input forminator-name--field\" data-required=\"1\" \/><\/div><\/div><\/div><div class=\"forminator-row\"><div id=\"radio-1\" class=\"forminator-col forminator-col-12 \"><div role=\"radiogroup\" class=\"forminator-field\" aria-labelledby=\"forminator-radiogroup-69e02385b3053-label\"><span id=\"forminator-radiogroup-69e02385b3053-label\" class=\"forminator-label\">Type de carrosserie <span class=\"forminator-required\">*<\/span><\/span><label for=\"forminator-field-radio-1-1-69e02385b3053\" class=\"forminator-radio forminator-radio-inline\" title=\"Compacte\"><input type=\"radio\" name=\"radio-1\" value=\"compacte\" id=\"forminator-field-radio-1-1-69e02385b3053\" data-calculation=\"0\"  \/><span class=\"forminator-radio-bullet\" aria-hidden=\"true\"><\/span><span class=\"forminator-radio-label\">Compacte<\/span><\/label><label for=\"forminator-field-radio-1-2-69e02385b3053\" class=\"forminator-radio forminator-radio-inline\" title=\"Citadine\"><input type=\"radio\" name=\"radio-1\" value=\"citadine\" id=\"forminator-field-radio-1-2-69e02385b3053\" data-calculation=\"0\"  \/><span class=\"forminator-radio-bullet\" aria-hidden=\"true\"><\/span><span class=\"forminator-radio-label\">Citadine<\/span><\/label><label for=\"forminator-field-radio-1-3-69e02385b3053\" class=\"forminator-radio forminator-radio-inline\" title=\"Berline\"><input type=\"radio\" name=\"radio-1\" value=\"berline\" id=\"forminator-field-radio-1-3-69e02385b3053\" data-calculation=\"0\"  \/><span class=\"forminator-radio-bullet\" aria-hidden=\"true\"><\/span><span class=\"forminator-radio-label\">Berline<\/span><\/label><label for=\"forminator-field-radio-1-4-69e02385b3053\" class=\"forminator-radio forminator-radio-inline\" title=\"Break\"><input type=\"radio\" name=\"radio-1\" value=\"break\" id=\"forminator-field-radio-1-4-69e02385b3053\" data-calculation=\"0\"  \/><span class=\"forminator-radio-bullet\" aria-hidden=\"true\"><\/span><span class=\"forminator-radio-label\">Break<\/span><\/label><label for=\"forminator-field-radio-1-5-69e02385b3053\" class=\"forminator-radio forminator-radio-inline\" title=\"Coup\u00e9\"><input type=\"radio\" name=\"radio-1\" value=\"coup\u00e9\" id=\"forminator-field-radio-1-5-69e02385b3053\" data-calculation=\"0\"  \/><span class=\"forminator-radio-bullet\" aria-hidden=\"true\"><\/span><span class=\"forminator-radio-label\">Coup\u00e9<\/span><\/label><label for=\"forminator-field-radio-1-6-69e02385b3053\" class=\"forminator-radio forminator-radio-inline\" title=\"Cabriolet\"><input type=\"radio\" name=\"radio-1\" value=\"cabriolet\" id=\"forminator-field-radio-1-6-69e02385b3053\" data-calculation=\"0\"  \/><span class=\"forminator-radio-bullet\" aria-hidden=\"true\"><\/span><span class=\"forminator-radio-label\">Cabriolet<\/span><\/label><\/div><\/div><\/div><div class=\"forminator-row\"><div id=\"textarea-2\" class=\"forminator-col forminator-col-12 \"><div class=\"forminator-field\"><label for=\"forminator-field-textarea-2\" class=\"forminator-label\">Informations suppl\u00e9mentaires <span class=\"forminator-required\">*<\/span><\/label><textarea name=\"textarea-2\" placeholder=\"Ajoutez ici toutes les informations utiles \u00e0 la pr\u00e9paration de votre v\u00e9hicule.\" id=\"forminator-field-textarea-2\" class=\"forminator-textarea\" rows=\"6\" style=\"min-height:140px;\" ><\/textarea><\/div><\/div><\/div><div class=\"forminator-row\"><div id=\"captcha-1\" class=\"forminator-col forminator-col-12 \"><div class=\"forminator-g-recaptcha recaptcha-invisible\" data-theme=\"light\" data-badge=\"bottomleft\" data-sitekey=\"6LeKwwkdAAAAADwnCtyXHVg17JzerELtxAp5uxXr\" data-size=\"invisible\"><\/div><\/div><\/div><div class=\"forminator-row forminator-hidden\"><input type=\"hidden\" id=\"hidden-1\" name=\"hidden-1\" value=\"16\/04\/2026\" \/><\/div><input type=\"hidden\" name=\"referer_url\" value=\"\" \/><div class=\"forminator-row forminator-row-last\"><div class=\"forminator-col\"><div class=\"forminator-field\"><button class=\"forminator-button forminator-button-submit\">Envoyer le message<\/button><\/div><\/div><\/div><input type=\"hidden\" id=\"forminator_nonce\" name=\"forminator_nonce\" value=\"84905dc556\" \/><input type=\"hidden\" name=\"_wp_http_referer\" value=\"\/index.php\/wp-json\/wp\/v2\/pages\/527\" \/><input type=\"hidden\" name=\"form_id\" value=\"535\"><input type=\"hidden\" name=\"page_id\" value=\"527\"><input type=\"hidden\" name=\"form_type\" value=\"default\"><input type=\"hidden\" name=\"current_url\" value=\"https:\/\/cleanservices31.fr\/wp-json\/wp\/v2\/pages\/527\/\"><input type=\"hidden\" name=\"render_id\" value=\"0\"><input type=\"hidden\" name=\"action\" value=\"forminator_submit_form_custom-forms\"><\/form><\/div>\n                <\/div>\n              <\/div>\n            <\/div>\n          <\/div>\n        <\/div>\n      <\/div>\n    <\/div>\n  <\/div>\n<\/div>","protected":false},"excerpt":{"rendered":"<p>Pour d\u00e9terminer ensemble la pr\u00e9paration de votre v\u00e9hicule, utilisez le formulaire ci-dessous.Attention, celui-ci concerne les v\u00e9hicules particuliers (type VL), pour les 4\u00d74, SUV, monospaces &amp; utilitaires cliquez-ici.<\/p>\n","protected":false},"author":1,"featured_media":0,"parent":0,"menu_order":0,"comment_status":"closed","ping_status":"closed","template":"page-templates\/full-width-page.php","meta":[],"_links":{"self":[{"href":"https:\/\/cleanservices31.fr\/index.php\/wp-json\/wp\/v2\/pages\/527"}],"collection":[{"href":"https:\/\/cleanservices31.fr\/index.php\/wp-json\/wp\/v2\/pages"}],"about":[{"href":"https:\/\/cleanservices31.fr\/index.php\/wp-json\/wp\/v2\/types\/page"}],"author":[{"embeddable":true,"href":"https:\/\/cleanservices31.fr\/index.php\/wp-json\/wp\/v2\/users\/1"}],"replies":[{"embeddable":true,"href":"https:\/\/cleanservices31.fr\/index.php\/wp-json\/wp\/v2\/comments?post=527"}],"version-history":[{"count":6,"href":"https:\/\/cleanservices31.fr\/index.php\/wp-json\/wp\/v2\/pages\/527\/revisions"}],"predecessor-version":[{"id":766,"href":"https:\/\/cleanservices31.fr\/index.php\/wp-json\/wp\/v2\/pages\/527\/revisions\/766"}],"wp:attachment":[{"href":"https:\/\/cleanservices31.fr\/index.php\/wp-json\/wp\/v2\/media?parent=527"}],"curies":[{"name":"wp","href":"https:\/\/api.w.org\/{rel}","templated":true}]}}